{"id":126,"date":"2015-01-03T14:36:49","date_gmt":"2015-01-03T14:36:49","guid":{"rendered":"http:\/\/www.keremanahtarci.com\/?page_id=126"},"modified":"2019-05-29T11:21:12","modified_gmt":"2019-05-29T11:21:12","slug":"iletisim","status":"publish","type":"page","link":"http:\/\/www.keremanahtarci.com\/?page_id=126","title":{"rendered":"\u0130LET\u0130\u015e\u0130M"},"content":{"rendered":"<table border=\"0\" width=\"100%\" cellspacing=\"0\" cellpadding=\"5\">\n<tbody>\n<tr>\n<td>\n<table border=\"0\" width=\"100%\" cellspacing=\"0\" cellpadding=\"5\">\n<tbody>\n<tr>\n<td style=\"text-align: left;\" align=\"center\" bgcolor=\"#efefef\" width=\"100\">Adres<\/td>\n<td bgcolor=\"#efefef\">\u0130n\u00f6n\u00fc Bulvar\u0131 No: 125\/A Tuzla Mah. (Otogar Yan\u0131 &#8211; Uysallar Petrol Kar\u015f\u0131s\u0131)- Fethiye<\/td>\n<\/tr>\n<tr>\n<td style=\"text-align: left;\" align=\"center\" bgcolor=\"#ddd\">Cep Tel<\/td>\n<td bgcolor=\"#ddd\">0 535 654 57 46<\/td>\n<\/tr>\n<tr>\n<td style=\"text-align: left;\" align=\"center\" bgcolor=\"#efefef\">Tel<\/td>\n<td bgcolor=\"#efefef\">0 252 614 29 48<\/td>\n<\/tr>\n<tr>\n<td style=\"text-align: left;\" align=\"center\" bgcolor=\"#ddd\">E- Mail<\/td>\n<td bgcolor=\"#ddd\">keremanahtarci@hotmail.com<\/td>\n<\/tr>\n<tr>\n<td style=\"text-align: left;\" align=\"center\" bgcolor=\"#ddd\"><\/td>\n<td bgcolor=\"#ddd\"><\/td>\n<\/tr>\n<\/tbody>\n<\/table>\n<\/td>\n<\/tr>\n<\/tbody>\n<\/table>\n<p><iframe src=\"https:\/\/mapsengine.google.com\/map\/embed?mid=z-I8nKwD5U7U.kMX6uXZEaSCw\" width=\"100%\" height=\"480\"><\/iframe><\/p>\n","protected":false},"excerpt":{"rendered":"<p>Adres \u0130n\u00f6n\u00fc Bulvar\u0131 No: 125\/A Tuzla Mah. (Otogar Yan\u0131 &#8211; Uysallar Petrol Kar\u015f\u0131s\u0131)- Fethiye Cep Tel 0 535 654 57 46 Tel 0 252 614 29 48 E- Mail keremanahtarci@hotmail.com<\/p>\n","protected":false},"author":1,"featured_media":0,"parent":0,"menu_order":0,"comment_status":"open","ping_status":"open","template":"","meta":[],"_links":{"self":[{"href":"http:\/\/www.keremanahtarci.com\/index.php?rest_route=\/wp\/v2\/pages\/126"}],"collection":[{"href":"http:\/\/www.keremanahtarci.com\/index.php?rest_route=\/wp\/v2\/pages"}],"about":[{"href":"http:\/\/www.keremanahtarci.com\/index.php?rest_route=\/wp\/v2\/types\/page"}],"author":[{"embeddable":true,"href":"http:\/\/www.keremanahtarci.com\/index.php?rest_route=\/wp\/v2\/users\/1"}],"replies":[{"embeddable":true,"href":"http:\/\/www.keremanahtarci.com\/index.php?rest_route=%2Fwp%2Fv2%2Fcomments&post=126"}],"version-history":[{"count":4,"href":"http:\/\/www.keremanahtarci.com\/index.php?rest_route=\/wp\/v2\/pages\/126\/revisions"}],"predecessor-version":[{"id":222,"href":"http:\/\/www.keremanahtarci.com\/index.php?rest_route=\/wp\/v2\/pages\/126\/revisions\/222"}],"wp:attachment":[{"href":"http:\/\/www.keremanahtarci.com\/index.php?rest_route=%2Fwp%2Fv2%2Fmedia&parent=126"}],"curies":[{"name":"wp","href":"https:\/\/api.w.org\/{rel}","templated":true}]}}